{"id":2301,"date":"2022-10-28T13:03:18","date_gmt":"2022-10-28T11:03:18","guid":{"rendered":"http:\/\/formatsnet.com\/registrar\/bienvenidoi\/"},"modified":"2022-10-28T13:03:18","modified_gmt":"2022-10-28T11:03:18","slug":"bienvenidoi","status":"publish","type":"page","link":"https:\/\/formatsnet.com\/ca\/registrar\/bienvenidoi\/","title":{"rendered":"Bienvenidoi"},"content":{"rendered":"<p>\u00a1Bienvenido! Esta es la p\u00e1gina de \u00e9xito a donde se redirige a los miembros una vez que han completado el registro.<\/p>\n","protected":false},"excerpt":{"rendered":"<p>\u00a1Bienvenido! Esta es la p\u00e1gina de \u00e9xito a donde se  [&#8230;]<\/p>\n","protected":false},"author":2,"featured_media":0,"parent":2300,"menu_order":0,"comment_status":"closed","ping_status":"closed","template":"","meta":{"footnotes":""},"class_list":["post-2301","page","type-page","status-publish","hentry"],"yoast_head":"<!-- This site is optimized with the Yoast SEO plugin v26.7 - https:\/\/yoast.com\/wordpress\/plugins\/seo\/ -->\n<title>Bienvenidoi - Formats<\/title>\n<meta name=\"robots\" content=\"index, follow, max-snippet:-1, max-image-preview:large, max-video-preview:-1\" \/>\n<link rel=\"canonical\" href=\"https:\/\/formatsnet.com\/ca\/registrar\/bienvenidoi\/\" \/>\n<meta property=\"og:locale\" content=\"ca_ES\" \/>\n<meta property=\"og:type\" content=\"article\" \/>\n<meta property=\"og:title\" content=\"Bienvenidoi - Formats\" \/>\n<meta property=\"og:description\" content=\"\u00a1Bienvenido! Esta es la p\u00e1gina de \u00e9xito a donde se [...]\" \/>\n<meta property=\"og:url\" content=\"https:\/\/formatsnet.com\/ca\/registrar\/bienvenidoi\/\" \/>\n<meta property=\"og:site_name\" content=\"Formats\" \/>\n<meta name=\"twitter:card\" content=\"summary_large_image\" \/>\n<script type=\"application\/ld+json\" class=\"yoast-schema-graph\">{\"@context\":\"https:\/\/schema.org\",\"@graph\":[{\"@type\":\"WebPage\",\"@id\":\"https:\/\/formatsnet.com\/ca\/registrar\/bienvenidoi\/\",\"url\":\"https:\/\/formatsnet.com\/ca\/registrar\/bienvenidoi\/\",\"name\":\"Bienvenidoi - Formats\",\"isPartOf\":{\"@id\":\"http:\/\/formatsnet.com\/ca\/#website\"},\"datePublished\":\"2022-10-28T11:03:18+00:00\",\"breadcrumb\":{\"@id\":\"https:\/\/formatsnet.com\/ca\/registrar\/bienvenidoi\/#breadcrumb\"},\"inLanguage\":\"ca\",\"potentialAction\":[{\"@type\":\"ReadAction\",\"target\":[\"https:\/\/formatsnet.com\/ca\/registrar\/bienvenidoi\/\"]}]},{\"@type\":\"BreadcrumbList\",\"@id\":\"https:\/\/formatsnet.com\/ca\/registrar\/bienvenidoi\/#breadcrumb\",\"itemListElement\":[{\"@type\":\"ListItem\",\"position\":1,\"name\":\"Portada\",\"item\":\"https:\/\/formatsnet.com\/ca\/\"},{\"@type\":\"ListItem\",\"position\":2,\"name\":\"Registrar\",\"item\":\"http:\/\/formatsnet.com\/ca\/registrar\/\"},{\"@type\":\"ListItem\",\"position\":3,\"name\":\"Bienvenidoi\"}]},{\"@type\":\"WebSite\",\"@id\":\"http:\/\/formatsnet.com\/ca\/#website\",\"url\":\"http:\/\/formatsnet.com\/ca\/\",\"name\":\"Formats\",\"description\":\"Dise\u00f1o, comunicaci\u00f3n y producci\u00f3n gr\u00e1fica\",\"publisher\":{\"@id\":\"http:\/\/formatsnet.com\/ca\/#organization\"},\"potentialAction\":[{\"@type\":\"SearchAction\",\"target\":{\"@type\":\"EntryPoint\",\"urlTemplate\":\"http:\/\/formatsnet.com\/ca\/?s={search_term_string}\"},\"query-input\":{\"@type\":\"PropertyValueSpecification\",\"valueRequired\":true,\"valueName\":\"search_term_string\"}}],\"inLanguage\":\"ca\"},{\"@type\":\"Organization\",\"@id\":\"http:\/\/formatsnet.com\/ca\/#organization\",\"name\":\"Formats gesti\u00f3 gr\u00e0fica i publicit\u00e0ria\",\"url\":\"http:\/\/formatsnet.com\/ca\/\",\"logo\":{\"@type\":\"ImageObject\",\"inLanguage\":\"ca\",\"@id\":\"http:\/\/formatsnet.com\/ca\/#\/schema\/logo\/image\/\",\"url\":\"http:\/\/formatsnet.com\/wp-content\/uploads\/2022\/07\/formats-logo_Black_400px.png\",\"contentUrl\":\"http:\/\/formatsnet.com\/wp-content\/uploads\/2022\/07\/formats-logo_Black_400px.png\",\"width\":400,\"height\":88,\"caption\":\"Formats gesti\u00f3 gr\u00e0fica i publicit\u00e0ria\"},\"image\":{\"@id\":\"http:\/\/formatsnet.com\/ca\/#\/schema\/logo\/image\/\"}}]}<\/script>\n<!-- \/ Yoast SEO plugin. -->","yoast_head_json":{"title":"Bienvenidoi - Formats","robots":{"index":"index","follow":"follow","max-snippet":"max-snippet:-1","max-image-preview":"max-image-preview:large","max-video-preview":"max-video-preview:-1"},"canonical":"https:\/\/formatsnet.com\/ca\/registrar\/bienvenidoi\/","og_locale":"ca_ES","og_type":"article","og_title":"Bienvenidoi - Formats","og_description":"\u00a1Bienvenido! Esta es la p\u00e1gina de \u00e9xito a donde se [...]","og_url":"https:\/\/formatsnet.com\/ca\/registrar\/bienvenidoi\/","og_site_name":"Formats","twitter_card":"summary_large_image","schema":{"@context":"https:\/\/schema.org","@graph":[{"@type":"WebPage","@id":"https:\/\/formatsnet.com\/ca\/registrar\/bienvenidoi\/","url":"https:\/\/formatsnet.com\/ca\/registrar\/bienvenidoi\/","name":"Bienvenidoi - Formats","isPartOf":{"@id":"http:\/\/formatsnet.com\/ca\/#website"},"datePublished":"2022-10-28T11:03:18+00:00","breadcrumb":{"@id":"https:\/\/formatsnet.com\/ca\/registrar\/bienvenidoi\/#breadcrumb"},"inLanguage":"ca","potentialAction":[{"@type":"ReadAction","target":["https:\/\/formatsnet.com\/ca\/registrar\/bienvenidoi\/"]}]},{"@type":"BreadcrumbList","@id":"https:\/\/formatsnet.com\/ca\/registrar\/bienvenidoi\/#breadcrumb","itemListElement":[{"@type":"ListItem","position":1,"name":"Portada","item":"https:\/\/formatsnet.com\/ca\/"},{"@type":"ListItem","position":2,"name":"Registrar","item":"http:\/\/formatsnet.com\/ca\/registrar\/"},{"@type":"ListItem","position":3,"name":"Bienvenidoi"}]},{"@type":"WebSite","@id":"http:\/\/formatsnet.com\/ca\/#website","url":"http:\/\/formatsnet.com\/ca\/","name":"Formats","description":"Dise\u00f1o, comunicaci\u00f3n y producci\u00f3n gr\u00e1fica","publisher":{"@id":"http:\/\/formatsnet.com\/ca\/#organization"},"potentialAction":[{"@type":"SearchAction","target":{"@type":"EntryPoint","urlTemplate":"http:\/\/formatsnet.com\/ca\/?s={search_term_string}"},"query-input":{"@type":"PropertyValueSpecification","valueRequired":true,"valueName":"search_term_string"}}],"inLanguage":"ca"},{"@type":"Organization","@id":"http:\/\/formatsnet.com\/ca\/#organization","name":"Formats gesti\u00f3 gr\u00e0fica i publicit\u00e0ria","url":"http:\/\/formatsnet.com\/ca\/","logo":{"@type":"ImageObject","inLanguage":"ca","@id":"http:\/\/formatsnet.com\/ca\/#\/schema\/logo\/image\/","url":"http:\/\/formatsnet.com\/wp-content\/uploads\/2022\/07\/formats-logo_Black_400px.png","contentUrl":"http:\/\/formatsnet.com\/wp-content\/uploads\/2022\/07\/formats-logo_Black_400px.png","width":400,"height":88,"caption":"Formats gesti\u00f3 gr\u00e0fica i publicit\u00e0ria"},"image":{"@id":"http:\/\/formatsnet.com\/ca\/#\/schema\/logo\/image\/"}}]}},"_links":{"self":[{"href":"https:\/\/formatsnet.com\/ca\/wp-json\/wp\/v2\/pages\/2301","targetHints":{"allow":["GET"]}}],"collection":[{"href":"https:\/\/formatsnet.com\/ca\/wp-json\/wp\/v2\/pages"}],"about":[{"href":"https:\/\/formatsnet.com\/ca\/wp-json\/wp\/v2\/types\/page"}],"author":[{"embeddable":true,"href":"https:\/\/formatsnet.com\/ca\/wp-json\/wp\/v2\/users\/2"}],"replies":[{"embeddable":true,"href":"https:\/\/formatsnet.com\/ca\/wp-json\/wp\/v2\/comments?post=2301"}],"version-history":[{"count":0,"href":"https:\/\/formatsnet.com\/ca\/wp-json\/wp\/v2\/pages\/2301\/revisions"}],"up":[{"embeddable":true,"href":"https:\/\/formatsnet.com\/ca\/wp-json\/wp\/v2\/pages\/2300"}],"wp:attachment":[{"href":"https:\/\/formatsnet.com\/ca\/wp-json\/wp\/v2\/media?parent=2301"}],"curies":[{"name":"wp","href":"https:\/\/api.w.org\/{rel}","templated":true}]}}