{"id":2300,"date":"2022-10-28T13:03:18","date_gmt":"2022-10-28T11:03:18","guid":{"rendered":"http:\/\/formatsnet.com\/registrar\/"},"modified":"2022-10-28T13:03:18","modified_gmt":"2022-10-28T11:03:18","slug":"registrar","status":"publish","type":"page","link":"https:\/\/formatsnet.com\/ca\/registrar\/","title":{"rendered":"Registrar"},"content":{"rendered":"\n<h3 class=\"rcp_header\">\n\tRegister New Account<\/h3>\n\n\n<form id=\"rcp_registration_form\" class=\"rcp_form\" method=\"POST\" action=\"https:\/\/formatsnet.com\/ca\/wp-json\/wp\/v2\/pages\/2300\/\">\n\n\t\n\t\t\t<div class=\"rcp_login_link\">\n\t\t\t<p><a href=\"https:\/\/formatsnet.com\/wp-login.php?redirect_to=https%3A%2F%2Fformatsnet.com%2Fca%2Fwp-json%2Fwp%2Fv2%2Fpages%2F2300%2F\">Log in<\/a> to renew or change an existing membership.<\/p>\n\t\t<\/div>\n\n\t\t\n\t\t<fieldset class=\"rcp_user_fieldset\">\n\t\t\t<p id=\"rcp_user_login_wrap\">\n\t\t\t\t<label for=\"rcp_user_login\">Username<\/label>\n\t\t\t\t<input name=\"rcp_user_login\" id=\"rcp_user_login\" class=\"required\" type=\"text\" \/>\n\t\t\t<\/p>\n\t\t\t<p id=\"rcp_user_email_wrap\">\n\t\t\t\t<label for=\"rcp_user_email\">Email<\/label>\n\t\t\t\t<input name=\"rcp_user_email\" id=\"rcp_user_email\" class=\"required\" type=\"text\" \/>\n\t\t\t<\/p>\n\t\t\t<p id=\"rcp_user_first_wrap\" class=\"inline\">\n\t\t\t\t<label for=\"rcp_user_first\">First Name<\/label>\n\t\t\t\t<input name=\"rcp_user_first\" id=\"rcp_user_first\" type=\"text\" \/>\n\t\t\t<\/p>\n\t\t\t<p id=\"rcp_user_last_wrap\" class=\"inline-block\">\n\t\t\t\t<label for=\"rcp_user_last\">Last Name<\/label>\n\t\t\t\t<input name=\"rcp_user_last\" id=\"rcp_user_last\" type=\"text\" \/>\n\t\t\t<\/p>\n\t\t\t<p id=\"rcp_password_wrap\" class=\"inline\">\n\t\t\t\t<label for=\"rcp_password\">Password<\/label>\n\t\t\t\t<input name=\"rcp_user_pass\" id=\"rcp_password\" class=\"required\" type=\"password\"\/>\n\t\t\t<\/p>\n\t\t\t<p id=\"rcp_password_again_wrap\" class=\"inline-block\">\n\t\t\t\t<label for=\"rcp_password_again\">Password Again<\/label>\n\t\t\t\t<input name=\"rcp_user_pass_confirm\" id=\"rcp_password_again\" class=\"required\" type=\"password\"\/>\n\t\t\t<\/p>\n\n\t\t\t\n\t\t<\/fieldset>\n\t\n\t\n\t\t\t\t<fieldset class=\"rcp_subscription_fieldset\">\n\t\t\t\t\t\t\t\t<ul id=\"rcp_subscription_levels\">\n\t\t\t\t\t\t\t\t\t\t\t\t\t\t<li class=\"rcp_subscription_level rcp_subscription_level_1\">\n\t\t\t\t\t\t<input type=\"radio\" id=\"rcp_subscription_level_1\" class=\"required rcp_level\" checked=\"checked\" name=\"rcp_level\" rel=\"0\" value=\"1\" data-duration=\"forever\"\/>\n\t\t\t\t\t\t<label for=\"rcp_subscription_level_1\">\n\t\t\t\t\t\t\t<span class=\"rcp_subscription_level_name\">Xavi<\/span><span class=\"rcp_separator\">&nbsp;-&nbsp;<\/span><span class=\"rcp_price\" rel=\"0\">free<\/span><span class=\"rcp_separator\">&nbsp;-&nbsp;<\/span>\n\t\t\t\t\t\t\t<span class=\"rcp_level_duration\">unlimited<\/span>\n\t\t\t\t\t\t\t\t\t\t\t\t\t\t<div class=\"rcp_level_description\"> <\/div>\n\t\t\t\t\t\t<\/label>\n\t\t\t\t\t<\/li>\n\t\t\t\t\t\t\t\t\t\t\t\t<\/ul>\n\t\t\t\t<\/fieldset>\n\t\t<div class=\"rcp_registration_total\"><\/div>\n\t\t\t<div class=\"rcp_gateway_fields\">\n\t\t\t\t\t\t\t\t\t\t\t\t<\/div>\n\t\n\t\n\t\t\t<fieldset class=\"rcp_agree_to_privacy_policy_fieldset\">\n\t\t\t<p id=\"rcp_agree_to_privacy_policy_wrap\">\n\t\t\t\t<input type=\"checkbox\" id=\"rcp_agree_to_privacy_policy\" name=\"rcp_agree_to_privacy_policy\" value=\"1\">\n\t\t\t\t<label for=\"rcp_agree_to_privacy_policy\">\n\t\t\t\t\tI agree to the privacy policy\t\t\t\t<\/label>\n\t\t\t<\/p>\n\t\t<\/fieldset>\n\t\n\t\t\t<p id=\"rcp_auto_renew_wrap\">\n\t\t\t<input name=\"rcp_auto_renew\" id=\"rcp_auto_renew\" type=\"checkbox\" \/>\n\t\t\t<label for=\"rcp_auto_renew\">Auto Renew<\/label>\n\t\t<\/p>\n\t\t<input type=\"hidden\" id=\"rcp-registration-type\" name=\"registration_type\" value=\"\" \/>\n\t<input type=\"hidden\" id=\"rcp-membership-id\" name=\"membership_id\" value=\"0\" \/>\n\t<input type=\"hidden\" id=\"rcp-payment-id\" name=\"rcp_registration_payment_id\" value=\"0\" \/>\n\t\n\t\n\t<p id=\"rcp_submit_wrap\">\n\t\t\t\t<input type=\"hidden\" name=\"rcp_register_nonce\" value=\"96e3d34fd0\"\/>\n\t\t<input type=\"submit\" name=\"rcp_submit_registration\" id=\"rcp_submit\" class=\"rcp-button\" value=\"Registra\"\/>\n\t<\/p>\n<\/form>\n\n","protected":false},"excerpt":{"rendered":"","protected":false},"author":2,"featured_media":0,"parent":0,"menu_order":0,"comment_status":"closed","ping_status":"closed","template":"","meta":{"footnotes":""},"class_list":["post-2300","page","type-page","status-publish","hentry"],"yoast_head":"<!-- This site is optimized with the Yoast SEO plugin v26.7 - https:\/\/yoast.com\/wordpress\/plugins\/seo\/ -->\n<title>Registrar - Formats<\/title>\n<meta name=\"robots\" content=\"index, follow, max-snippet:-1, max-image-preview:large, max-video-preview:-1\" \/>\n<link rel=\"canonical\" href=\"https:\/\/formatsnet.com\/ca\/registrar\/\" \/>\n<meta property=\"og:locale\" content=\"ca_ES\" \/>\n<meta property=\"og:type\" content=\"article\" \/>\n<meta property=\"og:title\" content=\"Registrar - Formats\" \/>\n<meta property=\"og:url\" content=\"https:\/\/formatsnet.com\/ca\/registrar\/\" \/>\n<meta property=\"og:site_name\" content=\"Formats\" \/>\n<meta name=\"twitter:card\" content=\"summary_large_image\" \/>\n<script type=\"application\/ld+json\" class=\"yoast-schema-graph\">{\"@context\":\"https:\/\/schema.org\",\"@graph\":[{\"@type\":\"WebPage\",\"@id\":\"https:\/\/formatsnet.com\/ca\/registrar\/\",\"url\":\"https:\/\/formatsnet.com\/ca\/registrar\/\",\"name\":\"Registrar - Formats\",\"isPartOf\":{\"@id\":\"http:\/\/formatsnet.com\/ca\/#website\"},\"datePublished\":\"2022-10-28T11:03:18+00:00\",\"breadcrumb\":{\"@id\":\"https:\/\/formatsnet.com\/ca\/registrar\/#breadcrumb\"},\"inLanguage\":\"ca\",\"potentialAction\":[{\"@type\":\"ReadAction\",\"target\":[\"https:\/\/formatsnet.com\/ca\/registrar\/\"]}]},{\"@type\":\"BreadcrumbList\",\"@id\":\"https:\/\/formatsnet.com\/ca\/registrar\/#breadcrumb\",\"itemListElement\":[{\"@type\":\"ListItem\",\"position\":1,\"name\":\"Portada\",\"item\":\"https:\/\/formatsnet.com\/ca\/\"},{\"@type\":\"ListItem\",\"position\":2,\"name\":\"Registrar\"}]},{\"@type\":\"WebSite\",\"@id\":\"http:\/\/formatsnet.com\/ca\/#website\",\"url\":\"http:\/\/formatsnet.com\/ca\/\",\"name\":\"Formats\",\"description\":\"Dise\u00f1o, comunicaci\u00f3n y producci\u00f3n gr\u00e1fica\",\"publisher\":{\"@id\":\"http:\/\/formatsnet.com\/ca\/#organization\"},\"potentialAction\":[{\"@type\":\"SearchAction\",\"target\":{\"@type\":\"EntryPoint\",\"urlTemplate\":\"http:\/\/formatsnet.com\/ca\/?s={search_term_string}\"},\"query-input\":{\"@type\":\"PropertyValueSpecification\",\"valueRequired\":true,\"valueName\":\"search_term_string\"}}],\"inLanguage\":\"ca\"},{\"@type\":\"Organization\",\"@id\":\"http:\/\/formatsnet.com\/ca\/#organization\",\"name\":\"Formats gesti\u00f3 gr\u00e0fica i publicit\u00e0ria\",\"url\":\"http:\/\/formatsnet.com\/ca\/\",\"logo\":{\"@type\":\"ImageObject\",\"inLanguage\":\"ca\",\"@id\":\"http:\/\/formatsnet.com\/ca\/#\/schema\/logo\/image\/\",\"url\":\"http:\/\/formatsnet.com\/wp-content\/uploads\/2022\/07\/formats-logo_Black_400px.png\",\"contentUrl\":\"http:\/\/formatsnet.com\/wp-content\/uploads\/2022\/07\/formats-logo_Black_400px.png\",\"width\":400,\"height\":88,\"caption\":\"Formats gesti\u00f3 gr\u00e0fica i publicit\u00e0ria\"},\"image\":{\"@id\":\"http:\/\/formatsnet.com\/ca\/#\/schema\/logo\/image\/\"}}]}<\/script>\n<!-- \/ Yoast SEO plugin. -->","yoast_head_json":{"title":"Registrar - Formats","robots":{"index":"index","follow":"follow","max-snippet":"max-snippet:-1","max-image-preview":"max-image-preview:large","max-video-preview":"max-video-preview:-1"},"canonical":"https:\/\/formatsnet.com\/ca\/registrar\/","og_locale":"ca_ES","og_type":"article","og_title":"Registrar - Formats","og_url":"https:\/\/formatsnet.com\/ca\/registrar\/","og_site_name":"Formats","twitter_card":"summary_large_image","schema":{"@context":"https:\/\/schema.org","@graph":[{"@type":"WebPage","@id":"https:\/\/formatsnet.com\/ca\/registrar\/","url":"https:\/\/formatsnet.com\/ca\/registrar\/","name":"Registrar - Formats","isPartOf":{"@id":"http:\/\/formatsnet.com\/ca\/#website"},"datePublished":"2022-10-28T11:03:18+00:00","breadcrumb":{"@id":"https:\/\/formatsnet.com\/ca\/registrar\/#breadcrumb"},"inLanguage":"ca","potentialAction":[{"@type":"ReadAction","target":["https:\/\/formatsnet.com\/ca\/registrar\/"]}]},{"@type":"BreadcrumbList","@id":"https:\/\/formatsnet.com\/ca\/registrar\/#breadcrumb","itemListElement":[{"@type":"ListItem","position":1,"name":"Portada","item":"https:\/\/formatsnet.com\/ca\/"},{"@type":"ListItem","position":2,"name":"Registrar"}]},{"@type":"WebSite","@id":"http:\/\/formatsnet.com\/ca\/#website","url":"http:\/\/formatsnet.com\/ca\/","name":"Formats","description":"Dise\u00f1o, comunicaci\u00f3n y producci\u00f3n gr\u00e1fica","publisher":{"@id":"http:\/\/formatsnet.com\/ca\/#organization"},"potentialAction":[{"@type":"SearchAction","target":{"@type":"EntryPoint","urlTemplate":"http:\/\/formatsnet.com\/ca\/?s={search_term_string}"},"query-input":{"@type":"PropertyValueSpecification","valueRequired":true,"valueName":"search_term_string"}}],"inLanguage":"ca"},{"@type":"Organization","@id":"http:\/\/formatsnet.com\/ca\/#organization","name":"Formats gesti\u00f3 gr\u00e0fica i publicit\u00e0ria","url":"http:\/\/formatsnet.com\/ca\/","logo":{"@type":"ImageObject","inLanguage":"ca","@id":"http:\/\/formatsnet.com\/ca\/#\/schema\/logo\/image\/","url":"http:\/\/formatsnet.com\/wp-content\/uploads\/2022\/07\/formats-logo_Black_400px.png","contentUrl":"http:\/\/formatsnet.com\/wp-content\/uploads\/2022\/07\/formats-logo_Black_400px.png","width":400,"height":88,"caption":"Formats gesti\u00f3 gr\u00e0fica i publicit\u00e0ria"},"image":{"@id":"http:\/\/formatsnet.com\/ca\/#\/schema\/logo\/image\/"}}]}},"_links":{"self":[{"href":"https:\/\/formatsnet.com\/ca\/wp-json\/wp\/v2\/pages\/2300","targetHints":{"allow":["GET"]}}],"collection":[{"href":"https:\/\/formatsnet.com\/ca\/wp-json\/wp\/v2\/pages"}],"about":[{"href":"https:\/\/formatsnet.com\/ca\/wp-json\/wp\/v2\/types\/page"}],"author":[{"embeddable":true,"href":"https:\/\/formatsnet.com\/ca\/wp-json\/wp\/v2\/users\/2"}],"replies":[{"embeddable":true,"href":"https:\/\/formatsnet.com\/ca\/wp-json\/wp\/v2\/comments?post=2300"}],"version-history":[{"count":0,"href":"https:\/\/formatsnet.com\/ca\/wp-json\/wp\/v2\/pages\/2300\/revisions"}],"wp:attachment":[{"href":"https:\/\/formatsnet.com\/ca\/wp-json\/wp\/v2\/media?parent=2300"}],"curies":[{"name":"wp","href":"https:\/\/api.w.org\/{rel}","templated":true}]}}